{"id":836,"date":"2021-02-07T19:39:56","date_gmt":"2021-02-07T22:39:56","guid":{"rendered":"http:\/\/levale.com.ar\/sitio\/?page_id=836"},"modified":"2021-03-04T15:23:14","modified_gmt":"2021-03-04T18:23:14","slug":"instituto-c-e-o-costa-del-parana","status":"publish","type":"page","link":"https:\/\/levale.com.ar\/sitio\/instituto-c-e-o-costa-del-parana\/","title":{"rendered":"Instituto C.E.O.-subsede Costa del Paran\u00e1"},"content":{"rendered":"<p><center><\/p>\n<h1>Somos C.E.O., un Instituto Terciario de Educaci\u00f3n Superior incorporado a la Ense\u00f1anza Oficial [A-1360]<\/h1>\n<h2>Desde 1991 dictamos carreras con T\u00cdTULOS OFICIALES y de VALIDEZ NACIONAL<\/h2>\n<h2>Ofrecemos propuestas de formaci\u00f3n profesional y r\u00e1pida salida laboral<\/h2>\n<h3>Duraci\u00f3n: 3 a\u00f1os<\/h3>\n<p><\/center><\/p>\n<h2>Requisitos de inscripci\u00f3n:<\/h2>\n<ul>\n<li><big>T\u00edtulo secundario<\/big><\/li>\n<li><big>DNI<\/big><\/li>\n<li><big>Pago de arancel<\/big><\/li>\n<li><big>Formulario de inscripci\u00f3n<\/big><\/li>\n<li><big>Foto 4&#215;4<\/big><\/li>\n<\/ul>\n<h2><\/h2>\n<h2>Oferta de carreras:<\/h2>\n<table class=\"aligncenter\" style=\"width: 100%; text-align: center;\">\n<tbody>\n<tr>\n<td style=\"width: 66%;\" rowspan=\"4\"><img loading=\"lazy\" class=\"aligncenter size-full wp-image-883\" src=\"http:\/\/levale.com.ar\/sitio\/wp-content\/uploads\/2021\/02\/logo-INSTITUTO-CEO-ENTRE-RIOS-COSTA-DEL-PARANA.png\" alt=\"\" width=\"1298\" height=\"1316\" srcset=\"https:\/\/levale.com.ar\/sitio\/wp-content\/uploads\/2021\/02\/logo-INSTITUTO-CEO-ENTRE-RIOS-COSTA-DEL-PARANA.png 1298w, https:\/\/levale.com.ar\/sitio\/wp-content\/uploads\/2021\/02\/logo-INSTITUTO-CEO-ENTRE-RIOS-COSTA-DEL-PARANA-296x300.png 296w, https:\/\/levale.com.ar\/sitio\/wp-content\/uploads\/2021\/02\/logo-INSTITUTO-CEO-ENTRE-RIOS-COSTA-DEL-PARANA-1010x1024.png 1010w, https:\/\/levale.com.ar\/sitio\/wp-content\/uploads\/2021\/02\/logo-INSTITUTO-CEO-ENTRE-RIOS-COSTA-DEL-PARANA-768x779.png 768w, https:\/\/levale.com.ar\/sitio\/wp-content\/uploads\/2021\/02\/logo-INSTITUTO-CEO-ENTRE-RIOS-COSTA-DEL-PARANA-266x270.png 266w\" sizes=\"(max-width: 1298px) 100vw, 1298px\" \/><\/td>\n<td style=\"width: 33%;\"><a href=\"#adm_empresas\"><big><big>Tecnicatura Superior en Administraci\u00f3n de Empresas<\/big><\/big><\/a><\/td>\n<\/tr>\n<tr>\n<td><a href=\"#rec_humanos\"><big><big>Tecnicatura Superior en Recursos Humanos<\/big><\/big><\/a><\/td>\n<\/tr>\n<tr>\n<td><a href=\"#rel_publicas\"><big><big>Tecnicatura Superior en Relaciones P\u00fablicas<\/big><\/big><\/a><\/td>\n<\/tr>\n<tr>\n<td><a href=\"#seg_higiene\"><big><big>Tecnicatura Superior en Seguridad e Higiene<\/big><\/big><\/a><\/td>\n<\/tr>\n<\/tbody>\n<\/table>\n<p><a id=\"adm_empresas\"><\/a><\/p>\n<table>\n<tbody>\n<tr>\n<td style=\"width: 33%;\">\n<h3><strong>Tecnicatura Superior en Administraci\u00f3n de Empresas:<\/strong><\/h3>\n<\/td>\n<td><img loading=\"lazy\" class=\"aligncenter size-full wp-image-861\" src=\"http:\/\/levale.com.ar\/sitio\/wp-content\/uploads\/2021\/02\/aministracion_de_empresas_408_270.png\" alt=\"\" width=\"408\" height=\"271\" srcset=\"https:\/\/levale.com.ar\/sitio\/wp-content\/uploads\/2021\/02\/aministracion_de_empresas_408_270.png 408w, https:\/\/levale.com.ar\/sitio\/wp-content\/uploads\/2021\/02\/aministracion_de_empresas_408_270-300x199.png 300w, https:\/\/levale.com.ar\/sitio\/wp-content\/uploads\/2021\/02\/aministracion_de_empresas_408_270-360x239.png 360w\" sizes=\"(max-width: 408px) 100vw, 408px\" \/><\/p>\n<table align=\"center\">\n<tbody>\n<tr>\n<td style=\"width: 25%;\"><button><a href=\"mas_adm_empresas\" target=\"_blank\" rel=\"noopener noreferrer\">M\u00e1s info<\/a><\/button><\/td>\n<td style=\"width: 25%;\"><button><a href=\"ceo_aranceles\" target=\"_blank\" rel=\"noopener noreferrer\">Aranceles<\/a><\/button><\/td>\n<td style=\"width: 25%;\"><button><a href=\"ceo_consulta\" target=\"_blank\" rel=\"noopener noreferrer\">Hac\u00e9 tu consulta<\/a><\/button><\/td>\n<td style=\"width: 25%;\"><button><a href=\"ceo_inscripcion\" target=\"_blank\" rel=\"noopener noreferrer\"><big>Inscripci\u00f3n<\/big><\/a><\/button><\/td>\n<\/tr>\n<\/tbody>\n<\/table>\n<p><big>Orientada a formar de modo pr\u00e1ctico a quienes desean desarrollarse en el mundo de los negocios y de las organizaciones.<\/big><\/td>\n<\/tr>\n<\/tbody>\n<\/table>\n<p><a id=\"rec_humanos\"><\/a><\/p>\n<table>\n<tbody>\n<tr>\n<td style=\"width: 33%;\">\n<h3><strong>Tecnicatura Superior en Recursos Humanos:<\/strong><\/h3>\n<\/td>\n<td><img loading=\"lazy\" class=\"aligncenter size-full wp-image-862\" src=\"http:\/\/levale.com.ar\/sitio\/wp-content\/uploads\/2021\/02\/recursos_humanos_408_270.png\" alt=\"\" width=\"408\" height=\"271\" srcset=\"https:\/\/levale.com.ar\/sitio\/wp-content\/uploads\/2021\/02\/recursos_humanos_408_270.png 408w, https:\/\/levale.com.ar\/sitio\/wp-content\/uploads\/2021\/02\/recursos_humanos_408_270-300x199.png 300w, https:\/\/levale.com.ar\/sitio\/wp-content\/uploads\/2021\/02\/recursos_humanos_408_270-360x239.png 360w\" sizes=\"(max-width: 408px) 100vw, 408px\" \/><\/p>\n<table align=\"center\">\n<tbody>\n<tr>\n<td style=\"width: 25%;\"><button><a href=\"mas_rec_humanos\" target=\"_blank\" rel=\"noopener noreferrer\">M\u00e1s info<\/a><\/button><\/td>\n<td style=\"width: 25%;\"><button><a href=\"ceo_aranceles\" target=\"_blank\" rel=\"noopener noreferrer\">Aranceles<\/a><\/button><\/td>\n<td style=\"width: 25%;\"><button><a href=\"ceo_consulta\" target=\"_blank\" rel=\"noopener noreferrer\">Hac\u00e9 tu consulta<\/a><\/button><\/td>\n<td style=\"width: 25%;\"><button><a href=\"ceo_inscripcion\" target=\"_blank\" rel=\"noopener noreferrer\"><big>Inscripci\u00f3n<\/big><\/a><\/button><\/td>\n<\/tr>\n<\/tbody>\n<\/table>\n<p><big>Orientada a formar profesionales expertos en atraer, motivar, desarrollar y retener a los recursos humanos que se desempe\u00f1an en una organizaci\u00f3n, con las modernas metodolog\u00edas de gesti\u00f3n que superen el viejo paradigma profesional que los convert\u00eda en meros \u201cadministradores de personal\u201d.<\/big><\/td>\n<\/tr>\n<\/tbody>\n<\/table>\n<p><a id=\"rel_publicas\"><\/a><\/p>\n<table>\n<tbody>\n<tr>\n<td style=\"width: 33%;\">\n<h3><strong>Tecnicatura Superior en Relaciones P\u00fablicas:<\/strong><\/h3>\n<\/td>\n<td><img loading=\"lazy\" class=\"aligncenter size-full wp-image-855\" src=\"http:\/\/levale.com.ar\/sitio\/wp-content\/uploads\/2021\/02\/relaciones_publicas_408_270.png\" alt=\"\" width=\"408\" height=\"271\" srcset=\"https:\/\/levale.com.ar\/sitio\/wp-content\/uploads\/2021\/02\/relaciones_publicas_408_270.png 408w, https:\/\/levale.com.ar\/sitio\/wp-content\/uploads\/2021\/02\/relaciones_publicas_408_270-300x199.png 300w, https:\/\/levale.com.ar\/sitio\/wp-content\/uploads\/2021\/02\/relaciones_publicas_408_270-360x239.png 360w\" sizes=\"(max-width: 408px) 100vw, 408px\" \/><\/p>\n<table align=\"center\">\n<tbody>\n<tr>\n<td style=\"width: 25%;\"><button><a href=\"mas_rel_publicas\" target=\"_blank\" rel=\"noopener noreferrer\">M\u00e1s info<\/a><\/button><\/td>\n<td style=\"width: 25%;\"><button><a href=\"ceo_aranceles\" target=\"_blank\" rel=\"noopener noreferrer\">Aranceles<\/a><\/button><\/td>\n<td style=\"width: 25%;\"><button><a href=\"ceo_consulta\" target=\"_blank\" rel=\"noopener noreferrer\">Hac\u00e9 tu consulta<\/a><\/button><\/td>\n<td style=\"width: 25%;\"><button><a href=\"ceo_inscripcion\" target=\"_blank\" rel=\"noopener noreferrer\"><big>Inscripci\u00f3n<\/big><\/a><\/button><\/td>\n<\/tr>\n<\/tbody>\n<\/table>\n<p><big>Orientada a formar profesionales expertos en comunicaci\u00f3n institucional de las organizaciones, sean \u00e9stas p\u00fablicas o privadas y sea para desarrollarse tanto en los \u00e1mbitos interno como externo de las mismas.<\/big><\/td>\n<\/tr>\n<\/tbody>\n<\/table>\n<p><a id=\"seg_higiene\"><\/a><\/p>\n<table>\n<tbody>\n<tr>\n<td style=\"width: 33%;\">\n<h3><strong>Tecnicatura Superior en Seguridad e Higiene:<\/strong><\/h3>\n<\/td>\n<td><img loading=\"lazy\" class=\"aligncenter size-full wp-image-856\" src=\"http:\/\/levale.com.ar\/sitio\/wp-content\/uploads\/2021\/02\/seguridad_e_higiene_408_270.png\" alt=\"\" width=\"408\" height=\"270\" srcset=\"https:\/\/levale.com.ar\/sitio\/wp-content\/uploads\/2021\/02\/seguridad_e_higiene_408_270.png 408w, https:\/\/levale.com.ar\/sitio\/wp-content\/uploads\/2021\/02\/seguridad_e_higiene_408_270-300x199.png 300w, https:\/\/levale.com.ar\/sitio\/wp-content\/uploads\/2021\/02\/seguridad_e_higiene_408_270-360x238.png 360w\" sizes=\"(max-width: 408px) 100vw, 408px\" \/><\/p>\n<table align=\"center\">\n<tbody>\n<tr>\n<td style=\"width: 25%;\"><button><a href=\"mas_seg_higiene\" target=\"_blank\" rel=\"noopener noreferrer\">M\u00e1s info<\/a><\/button><\/td>\n<td style=\"width: 25%;\"><button><a href=\"ceo_aranceles\" target=\"_blank\" rel=\"noopener noreferrer\">Aranceles<\/a><\/button><\/td>\n<td style=\"width: 25%;\"><button><a href=\"ceo_consulta\" target=\"_blank\" rel=\"noopener noreferrer\">Hac\u00e9 tu consulta<\/a><\/button><\/td>\n<td style=\"width: 25%;\"><button><a href=\"ceo_inscripcion\" target=\"_blank\" rel=\"noopener noreferrer\"><big>Inscripci\u00f3n<\/big><\/a><\/button><\/td>\n<\/tr>\n<\/tbody>\n<\/table>\n<p><big>Es una propuesta cuya finalidad es lograr, a trav\u00e9s de una formaci\u00f3n integral, la adquisici\u00f3n de habilidades, destrezas, actitudes y herramientas necesarias que les permitan a los profesionales llevar a cabo una gesti\u00f3n exitosa en la implementaci\u00f3n de programas de Seguridad e Higiene en todas las organizaciones que as\u00ed se los requieran.<\/big><\/td>\n<\/tr>\n<\/tbody>\n<\/table>\n","protected":false},"excerpt":{"rendered":"<p>Somos C.E.O., un Instituto Terciario de Educaci\u00f3n Superior incorporado a la Ense\u00f1anza Oficial [A-1360] Desde 1991 dictamos carreras con T\u00cdTULOS OFICIALES y de VALIDEZ NACIONAL Ofrecemos propuestas de formaci\u00f3n profesional y r\u00e1pida salida laboral Duraci\u00f3n: 3 a\u00f1os Requisitos de inscripci\u00f3n: <a href=\"https:\/\/levale.com.ar\/sitio\/instituto-c-e-o-costa-del-parana\/\" class=\"read-more\">Seguir leyendo &#8230;<\/a><\/p>\n","protected":false},"author":1,"featured_media":0,"parent":0,"menu_order":0,"comment_status":"closed","ping_status":"closed","template":"","meta":[],"_links":{"self":[{"href":"https:\/\/levale.com.ar\/sitio\/wp-json\/wp\/v2\/pages\/836"}],"collection":[{"href":"https:\/\/levale.com.ar\/sitio\/wp-json\/wp\/v2\/pages"}],"about":[{"href":"https:\/\/levale.com.ar\/sitio\/wp-json\/wp\/v2\/types\/page"}],"author":[{"embeddable":true,"href":"https:\/\/levale.com.ar\/sitio\/wp-json\/wp\/v2\/users\/1"}],"replies":[{"embeddable":true,"href":"https:\/\/levale.com.ar\/sitio\/wp-json\/wp\/v2\/comments?post=836"}],"version-history":[{"count":51,"href":"https:\/\/levale.com.ar\/sitio\/wp-json\/wp\/v2\/pages\/836\/revisions"}],"predecessor-version":[{"id":1108,"href":"https:\/\/levale.com.ar\/sitio\/wp-json\/wp\/v2\/pages\/836\/revisions\/1108"}],"wp:attachment":[{"href":"https:\/\/levale.com.ar\/sitio\/wp-json\/wp\/v2\/media?parent=836"}],"curies":[{"name":"wp","href":"https:\/\/api.w.org\/{rel}","templated":true}]}}