{"id":944,"date":"2021-02-09T17:59:59","date_gmt":"2021-02-09T20:59:59","guid":{"rendered":"http:\/\/levale.com.ar\/sitio\/?page_id=944"},"modified":"2021-03-04T13:55:18","modified_gmt":"2021-03-04T16:55:18","slug":"ceo_aranceles","status":"publish","type":"page","link":"http:\/\/levale.com.ar\/sitio\/ceo_aranceles\/","title":{"rendered":"Instituto C.E.O. &#8211; Aranceles 2021"},"content":{"rendered":"<p><button type=\"button\" onclick=\"window.close()\">Volver<\/button><br \/>\n<img loading=\"lazy\" class=\"aligncenter size-full wp-image-886\" src=\"http:\/\/levale.com.ar\/sitio\/wp-content\/uploads\/2021\/02\/CEO-image001.jpg\" alt=\"\" width=\"418\" height=\"214\" srcset=\"http:\/\/levale.com.ar\/sitio\/wp-content\/uploads\/2021\/02\/CEO-image001.jpg 1677w, http:\/\/levale.com.ar\/sitio\/wp-content\/uploads\/2021\/02\/CEO-image001-300x153.jpg 300w, http:\/\/levale.com.ar\/sitio\/wp-content\/uploads\/2021\/02\/CEO-image001-1024x522.jpg 1024w, http:\/\/levale.com.ar\/sitio\/wp-content\/uploads\/2021\/02\/CEO-image001-768x392.jpg 768w, http:\/\/levale.com.ar\/sitio\/wp-content\/uploads\/2021\/02\/CEO-image001-1536x783.jpg 1536w, http:\/\/levale.com.ar\/sitio\/wp-content\/uploads\/2021\/02\/CEO-image001-360x184.jpg 360w\" sizes=\"(max-width: 418px) 100vw, 418px\" \/><\/p>\n<h2>&nbsp;<\/h2>\n<h2>AULA ASOCIADA ENTRE R\u00cdOS &#8211; subsede Costa del Paran\u00e1<\/h2>\n<h3>Aranceles y Formas de Pago para el Alumno<\/h3>\n<p>Todo el alumnado que curse alguna Carrera Superior Oficial del Centro de Estudios Organizacionales (C.E.O.) debe abonar el importe correspondiente a una CUOTA en concepto de MATR\u00cdCULA ANUAL inicial y once cuotas mensuales (en total 12 cuotas anuales). Los importes de las mismas se ajustar\u00e1n dos veces por a\u00f1o, salvo situaciones econ\u00f3micas extraordinarias o de fuerza mayor que ameriten efectuar alg\u00fan aumento adicional. Dichos incrementos se efectuar\u00e1n en los meses de marzo y agosto, de modo tal que se favorezca en cada nuevo cuatrimestre, la inscripci\u00f3n de nuevos alumnos a valores del cuatrimestre anterior.<\/p>\n<h3>Fechas de inscripci\u00f3n<\/h3>\n<p>Los alumnos se inscribir\u00e1n al nuevo a\u00f1o lectivo durante el mes de diciembre de cada a\u00f1o. La cuota matr\u00edcula corresponder\u00e1 al mes de enero. Este mismo esquema se aplicar\u00e1 a inscripciones tard\u00edas y posteriores a diciembre (ejemplo enero, febrero o marzo, antes del inicio de clases), correspondiendo abonar la matr\u00edcula o media matr\u00edcula (salvo promociones vigentes para ingresantes) m\u00e1s las cuotas del mes de febrero o marzo seg\u00fan sea la fecha de inscripci\u00f3n.<\/p>\n<h3>Los alumnos podr\u00e1n abonar sus cuotas de las siguientes formas:<\/h3>\n<ul>\n<li>Con tarjeta de Cr\u00e9dito a trav\u00e9s de Mercado Pago, v\u00eda campus virtual del Instituto.<\/li>\n<li>Mediante transferencia o dep\u00f3sito bancario a las Cuentas del Instituto radicadas en los siguientes bancos:\n<ul>\n<li>BANCO FRANCES: Cuenta Corriente. CBU N\u00ba 0170330420000030812730 Cuit: 30-71130921-3<\/li>\n<li>BANCO NACION: Caja Ahorros. CBU N\u00ba 0110074730007404764465 Cuit: 27-16062407-3<\/li>\n<li>BANCO PATAGONIA: Caja Ahorros. CBU N\u00ba 0340100808710354543000 Cuit: 27-16062407-3<\/li>\n<\/ul>\n<\/li>\n<li>En dinero en efectivo, en la sede del Centro Asociado Entre R\u00edos &#8211; Costa del Paran\u00e1: Misiones 1421 &#8211; 3116 Crespo &#8211; Entre R\u00edos.<\/li>\n<\/ul>\n<p>Los importes ser\u00e1n v\u00e1lidos del 1 al 10 de cada mes (ej: $3.900). A partir del d\u00eda 11 hay un segundo tramo de cobro donde se incrementa un 5% el monto de la cuota (ej: $4.095); y a partir del d\u00eda 21 se incrementar\u00eda un 10% hasta la cancelaci\u00f3n del monto adeudado (ej: $4.290). Por excepciones en el d\u00eda de pago\/cobro es necesario comunicarse con la coordinadora para que el \u00e1rea administrativa quede debidamente informada.<\/p>\n<p>Los importes abonados por los alumnos mediante dep\u00f3sito o transferencia bancaria deber\u00e1n ser acreditados por \u00e9stos mediante el env\u00edo del comprobante respectivo a la coordinadoci\u00f3n de subsede, v\u00eda whatsapp al n\u00famero 343 4167880. A tal efecto ser\u00e1 suficiente la remisi\u00f3n de imagen escaneada o fotograf\u00eda del recibo pertinente.<\/p>\n<p>Para acceder a las instancias examinatorias, deber\u00edan regularizarse las moras en los pagos, ya que puede verse afectada su continuidad.<\/p>\n<p>Toda refinanciaci\u00f3n de deuda o gesti\u00f3n de plan de pagos debe ser autorizada exclusivamente por la Sede Central, a\u00fan cuando la negociaci\u00f3n de la deuda sea realizada entre el alumno y el Centro Asociado.<\/p>\n<h3>\u00a1\u00a1\u00a1ATENCI\u00d3N &#8211; Promociones especiales!!!<\/h3>\n<ul>\n<li>PROMO ESTUDIO*: Aquel alumno que desee cursar dos carreras en forma paralela, abonar\u00e1 el costo vigente de la primer carrera m\u00e1s el 50% del costo de la segunda carrera, tanto de matr\u00edcula como de cuotas. (Ej: $3.900 + $1.950)<\/li>\n<li>PROMO FAMILIARES*: Cuando se incorporen dos alumnos que son familiares directos entre si, el primer alumno abonar\u00e1 el costo vigente de su carrera y para el segundo alumno aplica un descuento del 20% (Ej: $3.900 + $3.120)<\/li>\n<li>PROMO CUOTA MATR\u00cdCULA*: El costo de matr\u00edcula es de $3.900, durante el mes de febrero de 2021 se bonifica un 50% ($1.950) &#8212;Promoci\u00f3n extendida hasta el 15 de marzo de 2021&#8212;<\/li>\n<p>[* Las promociones no son acumulativas.]<\/ul>\n<h2>Para el a\u00f1o acad\u00e9mico 2021:<\/h2>\n<ul>\n<li>Las clases comienzan en marzo 2021<\/li>\n<li>Las cuotas mensuales se fijan en $3.900 al inicio del a\u00f1o lectivo<\/li>\n<\/ul>\n<p><button type=\"button\" onclick=\"window.close()\">Volver<\/button><\/p>\n","protected":false},"excerpt":{"rendered":"<p>Volver &nbsp; AULA ASOCIADA ENTRE R\u00cdOS &#8211; subsede Costa del Paran\u00e1 Aranceles y Formas de Pago para el Alumno Todo el alumnado que curse alguna Carrera Superior Oficial del Centro de Estudios Organizacionales (C.E.O.) debe abonar el importe correspondiente a <a href=\"http:\/\/levale.com.ar\/sitio\/ceo_aranceles\/\" class=\"read-more\">Seguir leyendo &#8230;<\/a><\/p>\n","protected":false},"author":1,"featured_media":0,"parent":0,"menu_order":0,"comment_status":"closed","ping_status":"closed","template":"","meta":[],"_links":{"self":[{"href":"http:\/\/levale.com.ar\/sitio\/wp-json\/wp\/v2\/pages\/944"}],"collection":[{"href":"http:\/\/levale.com.ar\/sitio\/wp-json\/wp\/v2\/pages"}],"about":[{"href":"http:\/\/levale.com.ar\/sitio\/wp-json\/wp\/v2\/types\/page"}],"author":[{"embeddable":true,"href":"http:\/\/levale.com.ar\/sitio\/wp-json\/wp\/v2\/users\/1"}],"replies":[{"embeddable":true,"href":"http:\/\/levale.com.ar\/sitio\/wp-json\/wp\/v2\/comments?post=944"}],"version-history":[{"count":28,"href":"http:\/\/levale.com.ar\/sitio\/wp-json\/wp\/v2\/pages\/944\/revisions"}],"predecessor-version":[{"id":1103,"href":"http:\/\/levale.com.ar\/sitio\/wp-json\/wp\/v2\/pages\/944\/revisions\/1103"}],"wp:attachment":[{"href":"http:\/\/levale.com.ar\/sitio\/wp-json\/wp\/v2\/media?parent=944"}],"curies":[{"name":"wp","href":"https:\/\/api.w.org\/{rel}","templated":true}]}}