{"id":586,"date":"2019-07-03T03:06:20","date_gmt":"2019-07-03T03:06:20","guid":{"rendered":"http:\/\/levale.com.ar\/sitio\/?page_id=586"},"modified":"2019-07-04T01:20:18","modified_gmt":"2019-07-04T01:20:18","slug":"nuestra-ubicacion","status":"publish","type":"page","link":"http:\/\/levale.com.ar\/sitio\/nuestra-ubicacion\/","title":{"rendered":"Nuestra ubicaci\u00f3n"},"content":{"rendered":"<p>No es casual la elecci\u00f3n de la Ciudad de Crespo, en Entre R\u00edos para el establecimiento de un Instituto de estas caracter\u00edsticas. Crespo es una localidad agro-industrial muy pujante de algo menos de 30.000 habitantes, inmerso en una zona de peque\u00f1as poblaciones que comparten su misma idiosincrasia de \u00abpueblo de fe y de trabajo\u00bb y donde la oferta de este tipo de emprendimiento era una carencia importante que obligaba a nuestros j\u00f3venes a desplazarse hasta centros educativos de ofertas similares emplazados en las ciudades de Paran\u00e1 y Santa Fe, constituyendo esto para muchos alumnos del secundario y sus padres una gran incomodidad.<\/p>\n<p>Nuestra zona de influencia est\u00e1 delimitada por nuestra Ciudad de Crespo y poblaciones vecinas que nos escogen de entre otras ofertas de la zona por la accesibilidad de nuestra localidad y la ventajosa ubicaci\u00f3n de nuestro Instituto Universitarios, a la vez cercano al centro, a la terminal de \u00f3mnibus local y al acceso principal de la Ciudad.<\/p>\n<p>Nuestro Instituto adem\u00e1s de estar preparado para dar respuestas pedag\u00f3gicas de alto nivel educativo, tambi\u00e9n cuenta con instalaciones sanitarias adecuadas, zona de refrigerio libre, patio cubierto y disponibilidad de estacionamiento.<\/p>\n<p><img loading=\"lazy\" class=\"aligncenter wp-image-598 size-full\" src=\"http:\/\/levale.com.ar\/sitio\/wp-content\/uploads\/2019\/07\/mapa_er_crespo-1.jpg\" alt=\"\" width=\"876\" height=\"569\" srcset=\"http:\/\/levale.com.ar\/sitio\/wp-content\/uploads\/2019\/07\/mapa_er_crespo-1.jpg 876w, http:\/\/levale.com.ar\/sitio\/wp-content\/uploads\/2019\/07\/mapa_er_crespo-1-300x195.jpg 300w, http:\/\/levale.com.ar\/sitio\/wp-content\/uploads\/2019\/07\/mapa_er_crespo-1-768x499.jpg 768w, http:\/\/levale.com.ar\/sitio\/wp-content\/uploads\/2019\/07\/mapa_er_crespo-1-360x234.jpg 360w\" sizes=\"(max-width: 876px) 100vw, 876px\" \/><\/p>\n","protected":false},"excerpt":{"rendered":"<p>No es casual la elecci\u00f3n de la Ciudad de Crespo, en Entre R\u00edos para el establecimiento de un Instituto de estas caracter\u00edsticas. Crespo es una localidad agro-industrial muy pujante de algo menos de 30.000 habitantes, inmerso en una zona de <a href=\"http:\/\/levale.com.ar\/sitio\/nuestra-ubicacion\/\" class=\"read-more\">Seguir leyendo &#8230;<\/a><\/p>\n","protected":false},"author":1,"featured_media":0,"parent":0,"menu_order":0,"comment_status":"closed","ping_status":"closed","template":"","meta":[],"_links":{"self":[{"href":"http:\/\/levale.com.ar\/sitio\/wp-json\/wp\/v2\/pages\/586"}],"collection":[{"href":"http:\/\/levale.com.ar\/sitio\/wp-json\/wp\/v2\/pages"}],"about":[{"href":"http:\/\/levale.com.ar\/sitio\/wp-json\/wp\/v2\/types\/page"}],"author":[{"embeddable":true,"href":"http:\/\/levale.com.ar\/sitio\/wp-json\/wp\/v2\/users\/1"}],"replies":[{"embeddable":true,"href":"http:\/\/levale.com.ar\/sitio\/wp-json\/wp\/v2\/comments?post=586"}],"version-history":[{"count":3,"href":"http:\/\/levale.com.ar\/sitio\/wp-json\/wp\/v2\/pages\/586\/revisions"}],"predecessor-version":[{"id":599,"href":"http:\/\/levale.com.ar\/sitio\/wp-json\/wp\/v2\/pages\/586\/revisions\/599"}],"wp:attachment":[{"href":"http:\/\/levale.com.ar\/sitio\/wp-json\/wp\/v2\/media?parent=586"}],"curies":[{"name":"wp","href":"https:\/\/api.w.org\/{rel}","templated":true}]}}