{"id":551,"date":"2018-07-05T12:00:37","date_gmt":"2018-07-05T12:00:37","guid":{"rendered":"http:\/\/levale.com.ar\/sitio\/?page_id=551"},"modified":"2018-07-05T12:00:37","modified_gmt":"2018-07-05T12:00:37","slug":"plan-de-ingreso-a-bioquimica-ing-quimica-unl","status":"publish","type":"page","link":"http:\/\/levale.com.ar\/sitio\/plan-de-ingreso-a-bioquimica-ing-quimica-unl\/","title":{"rendered":"Plan de Ingreso a BIOQU\u00cdMICA &#8211; ING. QU\u00cdMICA &#8211; UNL"},"content":{"rendered":"<p>El plan de Ingreso a BIOQU\u00cdMICA y a INGENIER\u00cdA QU\u00cdMICA DE LA UNL contempla clases de nivelaci\u00f3n en MATEM\u00c1TICA y QU\u00cdMICA. Los d\u00edas y horarios son los siguientes:<\/p>\n<p>MATEM\u00c1TICA: mi\u00e9rcoles de 20:00 a 21:30 hs<\/p>\n<p>QU\u00cdMICA: s\u00e1bados de 15:00 a 16:30 hs<\/p>\n<p>&nbsp;<\/p>\n","protected":false},"excerpt":{"rendered":"<p>El plan de Ingreso a BIOQU\u00cdMICA y a INGENIER\u00cdA QU\u00cdMICA DE LA UNL contempla clases de nivelaci\u00f3n en MATEM\u00c1TICA y QU\u00cdMICA. Los d\u00edas y horarios son los siguientes: MATEM\u00c1TICA: mi\u00e9rcoles de 20:00 a 21:30 hs QU\u00cdMICA: s\u00e1bados de 15:00 a <a href=\"http:\/\/levale.com.ar\/sitio\/plan-de-ingreso-a-bioquimica-ing-quimica-unl\/\" class=\"read-more\">Seguir leyendo &#8230;<\/a><\/p>\n","protected":false},"author":1,"featured_media":0,"parent":0,"menu_order":0,"comment_status":"closed","ping_status":"closed","template":"","meta":[],"_links":{"self":[{"href":"http:\/\/levale.com.ar\/sitio\/wp-json\/wp\/v2\/pages\/551"}],"collection":[{"href":"http:\/\/levale.com.ar\/sitio\/wp-json\/wp\/v2\/pages"}],"about":[{"href":"http:\/\/levale.com.ar\/sitio\/wp-json\/wp\/v2\/types\/page"}],"author":[{"embeddable":true,"href":"http:\/\/levale.com.ar\/sitio\/wp-json\/wp\/v2\/users\/1"}],"replies":[{"embeddable":true,"href":"http:\/\/levale.com.ar\/sitio\/wp-json\/wp\/v2\/comments?post=551"}],"version-history":[{"count":1,"href":"http:\/\/levale.com.ar\/sitio\/wp-json\/wp\/v2\/pages\/551\/revisions"}],"predecessor-version":[{"id":553,"href":"http:\/\/levale.com.ar\/sitio\/wp-json\/wp\/v2\/pages\/551\/revisions\/553"}],"wp:attachment":[{"href":"http:\/\/levale.com.ar\/sitio\/wp-json\/wp\/v2\/media?parent=551"}],"curies":[{"name":"wp","href":"https:\/\/api.w.org\/{rel}","templated":true}]}}