{"id":293,"date":"2017-08-05T02:29:52","date_gmt":"2017-08-05T02:29:52","guid":{"rendered":"http:\/\/levale.com.ar\/sitio\/?page_id=293"},"modified":"2018-07-05T11:56:21","modified_gmt":"2018-07-05T11:56:21","slug":"de-verano","status":"publish","type":"page","link":"http:\/\/levale.com.ar\/sitio\/de-verano\/","title":{"rendered":"De Verano"},"content":{"rendered":"<h1>Propuesta <em>De Verano<\/em><\/h1>\n<p>Las clases son los d\u00edas lunes, mi\u00e9rcoles y viernes, por la tarde.<\/p>\n<p>Comienza el d\u00eda lunes 7 de enero de 2019 y finalizan el d\u00eda viernes 1 de febrero de 2019.<\/p>\n<p>Los horarios de clases: 15:00 a 19:30 hs. (*)<\/p>\n<p>De 15:00 a 16:30: QU\u00cdMICA<\/p>\n<p>De 16:30 a 19:30: CIENCIAS M\u00c9DICAS<\/p>\n<p><a href=\"http:\/\/levale.com.ar\/sitio\/?page_id=257\"><br \/>\nVOLVER<\/a><\/p>\n","protected":false},"excerpt":{"rendered":"<p>Propuesta De Verano Las clases son los d\u00edas lunes, mi\u00e9rcoles y viernes, por la tarde. Comienza el d\u00eda lunes 7 de enero de 2019 y finalizan el d\u00eda viernes 1 de febrero de 2019. Los horarios de clases: 15:00 a <a href=\"http:\/\/levale.com.ar\/sitio\/de-verano\/\" class=\"read-more\">Seguir leyendo &#8230;<\/a><\/p>\n","protected":false},"author":1,"featured_media":0,"parent":0,"menu_order":0,"comment_status":"closed","ping_status":"closed","template":"","meta":[],"_links":{"self":[{"href":"http:\/\/levale.com.ar\/sitio\/wp-json\/wp\/v2\/pages\/293"}],"collection":[{"href":"http:\/\/levale.com.ar\/sitio\/wp-json\/wp\/v2\/pages"}],"about":[{"href":"http:\/\/levale.com.ar\/sitio\/wp-json\/wp\/v2\/types\/page"}],"author":[{"embeddable":true,"href":"http:\/\/levale.com.ar\/sitio\/wp-json\/wp\/v2\/users\/1"}],"replies":[{"embeddable":true,"href":"http:\/\/levale.com.ar\/sitio\/wp-json\/wp\/v2\/comments?post=293"}],"version-history":[{"count":7,"href":"http:\/\/levale.com.ar\/sitio\/wp-json\/wp\/v2\/pages\/293\/revisions"}],"predecessor-version":[{"id":550,"href":"http:\/\/levale.com.ar\/sitio\/wp-json\/wp\/v2\/pages\/293\/revisions\/550"}],"wp:attachment":[{"href":"http:\/\/levale.com.ar\/sitio\/wp-json\/wp\/v2\/media?parent=293"}],"curies":[{"name":"wp","href":"https:\/\/api.w.org\/{rel}","templated":true}]}}