{"id":290,"date":"2017-08-05T02:29:05","date_gmt":"2017-08-05T02:29:05","guid":{"rendered":"http:\/\/levale.com.ar\/sitio\/?page_id=290"},"modified":"2018-04-08T02:44:00","modified_gmt":"2018-04-08T02:44:00","slug":"mientras-termino-mi-secundario","status":"publish","type":"page","link":"http:\/\/levale.com.ar\/sitio\/mientras-termino-mi-secundario\/","title":{"rendered":"Mientras curso mi secundario"},"content":{"rendered":"<h1>Propuesta <strong><em>Mientras curso mi secundario<\/em><\/strong>:<\/h1>\n<h2>Una clase semanal:<\/h2>\n<h2>Los d\u00edas S\u00c1BADOS:<\/h2>\n<blockquote>\n<h2>4 horas y media de trabajo y estudio: Una hora y media dedicada a QU\u00cdMICA. Tres horas dedicadas a CIENCIAS M\u00c9DICAS.<\/h2>\n<\/blockquote>\n<p>Aqu\u00ed te dejamos los d\u00edas y horarios para que puedas organizarte, y te comuniques con nosotros por cualquier situaci\u00f3n que consideres.<\/p>\n<p>Comenzamos el primer S\u00c1BADO de MAYO, o sea: el S\u00c1BADO 5 DE MAYO.<\/p>\n<p>TM: de 8:30 a 13:00 hs<\/p>\n<p>TT: de 15:00 a 19:30 hs<\/p>\n<p>Aqu\u00ed est\u00e1 nuestro calendario de ESTUDIO:<\/p>\n<ul>\n<li>\n<table style=\"height: 479px;\" width=\"399\">\n<tbody>\n<tr>\n<td style=\"text-align: center;\">s\u00e1bado 05 de mayo de 2018 TT<\/td>\n<\/tr>\n<tr>\n<td style=\"text-align: center;\">s\u00e1bado 12 de mayo de 2018 TT<\/td>\n<\/tr>\n<tr>\n<td style=\"text-align: center;\">s\u00e1bado 19 de mayo de 2018 TT<\/td>\n<\/tr>\n<tr>\n<td style=\"text-align: center;\">s\u00e1bado 26 de mayo de 2018 TT<\/td>\n<\/tr>\n<tr>\n<td style=\"text-align: center;\">s\u00e1bado 02 de junio de 2018 TT<\/td>\n<\/tr>\n<tr>\n<td style=\"text-align: center;\">s\u00e1bado 09 de junio de 2018 TT<\/td>\n<\/tr>\n<tr>\n<td style=\"text-align: center;\">s\u00e1bado 16 de junio de 2018 TT<\/td>\n<\/tr>\n<tr>\n<td style=\"text-align: center;\">mi\u00e9rcoles 20 de junio de 2018 TM (*)<\/td>\n<\/tr>\n<tr>\n<td style=\"text-align: center;\">s\u00e1bado 07 de julio de 2018 TT<\/td>\n<\/tr>\n<tr>\n<td style=\"text-align: center;\">s\u00e1bado 14 de julio de 2018 TM<\/td>\n<\/tr>\n<tr>\n<td style=\"text-align: center;\">s\u00e1bado 21 de julio de 2018 TM<\/td>\n<\/tr>\n<tr>\n<td style=\"text-align: center;\" width=\"111\">s\u00e1bado 28 de julio de 2018 TM<\/td>\n<\/tr>\n<tr>\n<td style=\"text-align: center;\" width=\"111\">s\u00e1bado 04 de agosto de 2018 TM<\/td>\n<\/tr>\n<tr>\n<td style=\"text-align: center;\" width=\"111\">s\u00e1bado 11 de agosto 2018 TM<\/td>\n<\/tr>\n<tr>\n<td style=\"text-align: center;\" width=\"111\">s\u00e1bado 18 de agosto de 2018 TT<\/td>\n<\/tr>\n<tr>\n<td style=\"text-align: center;\" width=\"111\">s\u00e1bado 25 de agosto de 2018 TT<\/td>\n<\/tr>\n<tr>\n<td style=\"text-align: center;\" width=\"111\">s\u00e1bado 01 de septiembre de 2018 TT<\/td>\n<\/tr>\n<tr>\n<td style=\"text-align: center;\" width=\"111\">s\u00e1bado 08 de septiembre de 2018 TT<\/td>\n<\/tr>\n<tr>\n<td style=\"text-align: center;\" width=\"111\">s\u00e1bado 15 de septiembre de 2018 TT<\/td>\n<\/tr>\n<tr>\n<td style=\"text-align: center;\" width=\"111\">s\u00e1bado 22 de septiembre de 2018 TT<\/td>\n<\/tr>\n<tr>\n<td style=\"text-align: center;\" width=\"111\">s\u00e1bado 06 de octubre de 2018 TT<\/td>\n<\/tr>\n<tr>\n<td style=\"text-align: center;\" width=\"111\">s\u00e1bado 13 de octubre de 2018 TT<\/td>\n<\/tr>\n<tr>\n<td style=\"text-align: center;\" width=\"111\">s\u00e1bado 20 de octubre de 2018 TT<\/td>\n<\/tr>\n<tr>\n<td style=\"text-align: center;\" width=\"111\">s\u00e1bado 27 de octubre de 2018 TT<\/td>\n<\/tr>\n<tr>\n<td style=\"text-align: center;\" width=\"111\">s\u00e1bado 03 de noviembre de 2018 TT<\/td>\n<\/tr>\n<tr>\n<td style=\"text-align: center;\" width=\"111\">s\u00e1bado 10 de noviembre de 2018 TT<\/td>\n<\/tr>\n<tr>\n<td style=\"text-align: center;\" width=\"111\">s\u00e1bado 17 de noviembre de 2018 TT<\/td>\n<\/tr>\n<tr>\n<td style=\"text-align: center;\" width=\"111\">s\u00e1bado 24 de noviembre de 2018 TM<\/td>\n<\/tr>\n<tr>\n<td style=\"text-align: center;\" width=\"111\">s\u00e1bado 01 de diciembre de 2018 TM<\/td>\n<\/tr>\n<tr>\n<td style=\"text-align: center;\" width=\"111\">s\u00e1bado 08 de diciembre de 2018 TM<\/td>\n<\/tr>\n<tr>\n<td style=\"text-align: center;\" width=\"111\">s\u00e1bado 15 de diciembre de 2018 TM<\/td>\n<\/tr>\n<tr>\n<td style=\"text-align: center;\" width=\"111\">s\u00e1bado 22 de diciembre de 2018 TM<\/td>\n<\/tr>\n<tr>\n<td style=\"text-align: center;\" width=\"111\">s\u00e1bado 05 de enero de 2019 TM<\/td>\n<\/tr>\n<tr>\n<td style=\"text-align: center;\" width=\"111\">s\u00e1bado 12 de enero de 2019 TM<\/td>\n<\/tr>\n<tr>\n<td style=\"text-align: center;\" width=\"111\">s\u00e1bado 19 de enero de 2019 TM<\/td>\n<\/tr>\n<tr>\n<td style=\"text-align: center;\" width=\"111\">s\u00e1bado 26 de enero de 2019 TM<\/td>\n<\/tr>\n<\/tbody>\n<\/table>\n<\/li>\n<li>(*)cambio de d\u00eda previsto.<\/li>\n<\/ul>\n<p><a href=\"http:\/\/levale.com.ar\/sitio\/?page_id=257\">VOLVER<\/a><\/p>\n","protected":false},"excerpt":{"rendered":"<p>Propuesta Mientras curso mi secundario: Una clase semanal: Los d\u00edas S\u00c1BADOS: 4 horas y media de trabajo y estudio: Una hora y media dedicada a QU\u00cdMICA. Tres horas dedicadas a CIENCIAS M\u00c9DICAS. Aqu\u00ed te dejamos los d\u00edas y horarios para <a href=\"http:\/\/levale.com.ar\/sitio\/mientras-termino-mi-secundario\/\" class=\"read-more\">Seguir leyendo &#8230;<\/a><\/p>\n","protected":false},"author":1,"featured_media":0,"parent":0,"menu_order":0,"comment_status":"closed","ping_status":"closed","template":"","meta":[],"_links":{"self":[{"href":"http:\/\/levale.com.ar\/sitio\/wp-json\/wp\/v2\/pages\/290"}],"collection":[{"href":"http:\/\/levale.com.ar\/sitio\/wp-json\/wp\/v2\/pages"}],"about":[{"href":"http:\/\/levale.com.ar\/sitio\/wp-json\/wp\/v2\/types\/page"}],"author":[{"embeddable":true,"href":"http:\/\/levale.com.ar\/sitio\/wp-json\/wp\/v2\/users\/1"}],"replies":[{"embeddable":true,"href":"http:\/\/levale.com.ar\/sitio\/wp-json\/wp\/v2\/comments?post=290"}],"version-history":[{"count":26,"href":"http:\/\/levale.com.ar\/sitio\/wp-json\/wp\/v2\/pages\/290\/revisions"}],"predecessor-version":[{"id":545,"href":"http:\/\/levale.com.ar\/sitio\/wp-json\/wp\/v2\/pages\/290\/revisions\/545"}],"wp:attachment":[{"href":"http:\/\/levale.com.ar\/sitio\/wp-json\/wp\/v2\/media?parent=290"}],"curies":[{"name":"wp","href":"https:\/\/api.w.org\/{rel}","templated":true}]}}