{"id":252,"date":"2017-08-05T01:16:04","date_gmt":"2017-08-05T01:16:04","guid":{"rendered":"http:\/\/levale.com.ar\/sitio\/?page_id=252"},"modified":"2017-08-23T14:29:53","modified_gmt":"2017-08-23T14:29:53","slug":"modalidad-a-distancia","status":"publish","type":"page","link":"http:\/\/levale.com.ar\/sitio\/modalidad-a-distancia\/","title":{"rendered":"Modalidad a distancia"},"content":{"rendered":"<p>La modalidad <em><strong>&#8220;A distancia&#8221;<\/strong> <\/em>te ofrece los recursos para que prepares las materias para el ingreso a tu Carrera en la Universidad que hayas elegido.<\/p>\n<p>Cont\u00e1s con Usuario y Clave para tu trabajo en la Plataforma Moodle de nuestro <a href=\"http:\/\/levale.com.ar\/sitio\/?page_id=398\">AULA VIRTUAL<\/a>. All\u00ed encontrar\u00e1s:<\/p>\n<ul>\n<li>Disponibilidad del material de lectura obligatorio publicado por la Universidad correspondiente.<\/li>\n<li>Ejercicios de repaso de conceptos te\u00f3ricos.<\/li>\n<li>Correcci\u00f3n y devoluci\u00f3n de ejercicios de repaso de conceptos.<\/li>\n<li>Explicaci\u00f3n de ejercicios t\u00edpicos.<\/li>\n<li>Explicaci\u00f3n, resoluci\u00f3n y resultados de las gu\u00edas de ejercicios propuestas por la C\u00e1tedra.<\/li>\n<li><strong><em>Todo el apoyo!!<\/em><\/strong><\/li>\n<\/ul>\n<p>Te ofrecemos los cursos de:<\/p>\n<p>BIOLOG\u00cdA Pre-Ingreso Medicina-UAP<\/p>\n<p>F\u00cdSICA Pre-Ingreso Medicina-UAP<\/p>\n<p>QU\u00cdMICA Pre-Ingreso Medicina-UAP<\/p>\n<p>BIOLOG\u00cdA Pre-Ingreso Medicina-UNL<\/p>\n<p>CIENCIAS M\u00c9DICAS \u00a0Pre-Ingreso Medicina UNL<\/p>\n<p>BIOLOG\u00cdA Pre-Ingreso Odontolog\u00eda-UAP<\/p>\n<p>F\u00cdSICA Pre-Ingreso Odontolog\u00eda-UAP<\/p>\n<p>QU\u00cdMICA Pre-Ingreso Odontolog\u00eda-UAP<\/p>\n<p>MATEM\u00c1TICA Pre-Ingreso Ingenier\u00edas UTN<\/p>\n<p>F\u00cdSICA Pre-Ingreso Ingenier\u00eda UTN<\/p>\n<p>MATEM\u00c1TICA Pre-Ingreso Ingenier\u00eda UNER<\/p>\n<p>F\u00cdSICA Pre-Ingreso Ingenier\u00eda UNER<\/p>\n<p>MATEM\u00c1TICA Pre-Ingreso Ingenier\u00eda UNL<\/p>\n<p>F\u00cdSICA Pre-Ingreso Ingenier\u00eda UNL<\/p>\n<p>QU\u00cdMICA Pre-Ingreso Ingenier\u00eda UNL<\/p>\n<p>&nbsp;<\/p>\n<p>&nbsp;<\/p>\n<p>Una vez que nos hayas informado qu\u00e9 Plan has elegido tomar, te damos tu cuenta para el aula virtual.<\/p>\n<p>All\u00ed encontrar\u00e1s el material para que avances en tu preparaci\u00f3n.<\/p>\n<p>&nbsp;<\/p>\n<p><a href=\"http:\/\/levale.com.ar\/sitio\/?page_id=236\">VOLVER<\/a><\/p>\n","protected":false},"excerpt":{"rendered":"<p>La modalidad &#8220;A distancia&#8221; te ofrece los recursos para que prepares las materias para el ingreso a tu Carrera en la Universidad que hayas elegido. Cont\u00e1s con Usuario y Clave para tu trabajo en la Plataforma Moodle de nuestro AULA <a href=\"http:\/\/levale.com.ar\/sitio\/modalidad-a-distancia\/\" class=\"read-more\">Seguir leyendo &#8230;<\/a><\/p>\n","protected":false},"author":1,"featured_media":0,"parent":0,"menu_order":0,"comment_status":"closed","ping_status":"closed","template":"","meta":[],"_links":{"self":[{"href":"http:\/\/levale.com.ar\/sitio\/wp-json\/wp\/v2\/pages\/252"}],"collection":[{"href":"http:\/\/levale.com.ar\/sitio\/wp-json\/wp\/v2\/pages"}],"about":[{"href":"http:\/\/levale.com.ar\/sitio\/wp-json\/wp\/v2\/types\/page"}],"author":[{"embeddable":true,"href":"http:\/\/levale.com.ar\/sitio\/wp-json\/wp\/v2\/users\/1"}],"replies":[{"embeddable":true,"href":"http:\/\/levale.com.ar\/sitio\/wp-json\/wp\/v2\/comments?post=252"}],"version-history":[{"count":7,"href":"http:\/\/levale.com.ar\/sitio\/wp-json\/wp\/v2\/pages\/252\/revisions"}],"predecessor-version":[{"id":429,"href":"http:\/\/levale.com.ar\/sitio\/wp-json\/wp\/v2\/pages\/252\/revisions\/429"}],"wp:attachment":[{"href":"http:\/\/levale.com.ar\/sitio\/wp-json\/wp\/v2\/media?parent=252"}],"curies":[{"name":"wp","href":"https:\/\/api.w.org\/{rel}","templated":true}]}}