{"id":236,"date":"2017-08-03T20:04:01","date_gmt":"2017-08-03T20:04:01","guid":{"rendered":"http:\/\/levale.com.ar\/sitio\/?page_id=236"},"modified":"2017-08-22T23:22:38","modified_gmt":"2017-08-22T23:22:38","slug":"ingreso-a-medicina-ingreso-a-odontologia-uap","status":"publish","type":"page","link":"http:\/\/levale.com.ar\/sitio\/ingreso-a-medicina-ingreso-a-odontologia-uap\/","title":{"rendered":""},"content":{"rendered":"<p>Te preparamos en las siguientes materias:<\/p>\n<ul>\n<li>BIOLOG\u00cdA<\/li>\n<li>QU\u00cdMICA<\/li>\n<li>F\u00cdSICA<\/li>\n<\/ul>\n<p>Las modalidades que puedes elegir son:<\/p>\n<ul>\n<li><a href=\"http:\/\/levale.com.ar\/sitio\/?page_id=252\" target=\"_blank\" rel=\"noopener\">Modalidad a distancia<\/a><\/li>\n<li><a href=\"http:\/\/levale.com.ar\/sitio\/?page_id=257\" target=\"_blank\" rel=\"noopener\">Modalidad presencial<\/a><\/li>\n<\/ul>\n<p><a href=\"http:\/\/levale.com.ar\/sitio\/\">VOLVER<\/a><\/p>\n","protected":false},"excerpt":{"rendered":"<p>Te preparamos en las siguientes materias: BIOLOG\u00cdA QU\u00cdMICA F\u00cdSICA Las modalidades que puedes elegir son: Modalidad a distancia Modalidad presencial VOLVER<\/p>\n","protected":false},"author":1,"featured_media":0,"parent":0,"menu_order":0,"comment_status":"closed","ping_status":"closed","template":"","meta":[],"_links":{"self":[{"href":"http:\/\/levale.com.ar\/sitio\/wp-json\/wp\/v2\/pages\/236"}],"collection":[{"href":"http:\/\/levale.com.ar\/sitio\/wp-json\/wp\/v2\/pages"}],"about":[{"href":"http:\/\/levale.com.ar\/sitio\/wp-json\/wp\/v2\/types\/page"}],"author":[{"embeddable":true,"href":"http:\/\/levale.com.ar\/sitio\/wp-json\/wp\/v2\/users\/1"}],"replies":[{"embeddable":true,"href":"http:\/\/levale.com.ar\/sitio\/wp-json\/wp\/v2\/comments?post=236"}],"version-history":[{"count":6,"href":"http:\/\/levale.com.ar\/sitio\/wp-json\/wp\/v2\/pages\/236\/revisions"}],"predecessor-version":[{"id":412,"href":"http:\/\/levale.com.ar\/sitio\/wp-json\/wp\/v2\/pages\/236\/revisions\/412"}],"wp:attachment":[{"href":"http:\/\/levale.com.ar\/sitio\/wp-json\/wp\/v2\/media?parent=236"}],"curies":[{"name":"wp","href":"https:\/\/api.w.org\/{rel}","templated":true}]}}